{"id":1341,"date":"2025-04-17T12:23:14","date_gmt":"2025-04-17T12:23:14","guid":{"rendered":"https:\/\/urolistic.com\/declaracion-de-privacidad-ue\/"},"modified":"2025-04-17T12:26:00","modified_gmt":"2025-04-17T12:26:00","slug":"declaracion-de-privacidad-ue","status":"publish","type":"page","link":"https:\/\/urolistic.com\/fr\/declaracion-de-privacidad-ue\/","title":{"rendered":"D\u00e9claration de confidentialit\u00e9 (UE)"},"content":{"rendered":"<div style=\"height:100px\" aria-hidden=\"true\" class=\"wp-block-spacer\"><\/div>\n\n\n\n<!-- Legal document generated by Complianz | GDPR\/CCPA Cookie Consent https:\/\/wordpress.org\/plugins\/complianz-gdpr -->\n<div id=\"cmplz-document\" class=\"cmplz-document privacy-statement cmplz-document-eu\"><p><i>Cette d\u00e9claration de confidentialit\u00e9 a \u00e9t\u00e9 mise \u00e0 jour le janvier 7, 2026 et s\u2019applique aux citoyens et aux r\u00e9sidents permanents l\u00e9gaux de l\u2019Espace \u00e9conomique europ\u00e9en et de la Suisse.<\/i><br \/><br \/><\/p><p><p>Dans la pr\u00e9sente d\u00e9claration de confidentialit\u00e9, nous expliquons ce que nous faisons des donn\u00e9es que nous recueillons en votre nom par l'interm\u00e9diaire de <a href=\"https:\/\/urolistic.com\/fr\">https:\/\/urolistic.com\/fr<\/a>. Nous vous recommandons de lire attentivement cette d\u00e9claration. Lors de notre traitement, nous respectons les exigences de la loi sur la confidentialit\u00e9. Cela signifie, entre autres, que :<\/p><ul>\n                <li>Nous indiquons clairement les raisons pour lesquelles nous traitons des donn\u00e9es \u00e0 caract\u00e8re personnel. Nous le faisons par le biais de cette d\u00e9claration de confidentialit\u00e9 ;<\/li>\n                <li>nous nous effor\u00e7ons de limiter notre collecte de donn\u00e9es personnelles aux seules donn\u00e9es personnelles n\u00e9cessaires \u00e0 des fins l\u00e9gitimes ;<\/li>\n                <li>Nous demandons d'abord votre consentement explicite pour traiter vos donn\u00e9es \u00e0 caract\u00e8re personnel lorsque votre consentement est requis ;<\/li>\n                <li>nous prendrons les mesures de s\u00e9curit\u00e9 appropri\u00e9es pour prot\u00e9ger vos donn\u00e9es \u00e0 caract\u00e8re personnel et nous demanderons aux parties qui traitent vos donn\u00e9es \u00e0 caract\u00e8re personnel de faire de m\u00eame pour nous ;<\/li>\n                <li>nous respectons votre droit de consulter, de corriger ou de supprimer vos donn\u00e9es personnelles si vous en faites la demande.<\/li>\n            <\/ul><p>Si vous avez des questions ou si vous souhaitez savoir exactement quelles donn\u00e9es nous d\u00e9tenons, veuillez nous contacter.<\/p><\/p><h2>1. Les cookies<\/h2><p>Notre site web utilise des cookies. Pour plus d'informations sur les cookies, veuillez vous r\u00e9f\u00e9rer \u00e0 notre site web. <a href=\"https:\/\/urolistic.com\/fr\/politica-de-cookies-ue\/\">Politique en mati\u00e8re de cookies<\/a>.&nbsp;<\/p><h2>2. Pratiques de diffusion<\/h2><p><p>Nous divulguons des informations personnelles si nous y sommes tenus par la loi ou par une ordonnance du tribunal, en r\u00e9ponse \u00e0 un organisme d'application de la loi, dans la mesure permise par d'autres dispositions de la loi, pour fournir des informations, ou pour une enqu\u00eate sur une question li\u00e9e \u00e0 la s\u00e9curit\u00e9 publique.<\/p><p>Si notre site web ou notre organisation est r\u00e9imprim\u00e9, vendu ou impliqu\u00e9 dans une fusion ou une acquisition, vos donn\u00e9es peuvent \u00eatre divulgu\u00e9es \u00e0 nos conseillers et \u00e0 tout acheteur potentiel et seront transmises aux nouveaux propri\u00e9taires.<\/p><\/p><p>Nous avons conclu un accord de traitement des donn\u00e9es avec Google.<\/p><h2>3. La s\u00e9curit\u00e9<\/h2><p>Nous nous engageons \u00e0 assurer la s\u00e9curit\u00e9 des donn\u00e9es \u00e0 caract\u00e8re personnel. Nous prenons des mesures de s\u00e9curit\u00e9 appropri\u00e9es pour limiter les abus et l'acc\u00e8s non autoris\u00e9 aux donn\u00e9es \u00e0 caract\u00e8re personnel. Cela garantit que seules les personnes n\u00e9cessaires ont acc\u00e8s \u00e0 vos donn\u00e9es, que l'acc\u00e8s aux donn\u00e9es est prot\u00e9g\u00e9 et que nos mesures de s\u00e9curit\u00e9 sont r\u00e9guli\u00e8rement r\u00e9vis\u00e9es.<\/p><h2>4. Sites web tierces parties<\/h2><p>La pr\u00e9sente d\u00e9claration de confidentialit\u00e9 ne s'applique pas aux sites web de tiers reli\u00e9s par des liens sur notre site web. Nous ne pouvons pas garantir que ces tiers collectent vos donn\u00e9es personnelles de mani\u00e8re fiable ou s\u00e9curis\u00e9e. Nous vous recommandons de lire les d\u00e9clarations de confidentialit\u00e9 de ces sites web avant de les utiliser.<\/p><h2>5. Modifications apport\u00e9es \u00e0 la pr\u00e9sente d\u00e9claration de confidentialit\u00e9<\/h2><p>Nous nous r\u00e9servons le droit de modifier la pr\u00e9sente d\u00e9claration de confidentialit\u00e9. Il est recommand\u00e9 de consulter r\u00e9guli\u00e8rement la pr\u00e9sente d\u00e9claration de confidentialit\u00e9 afin de prendre connaissance des modifications qui pourraient y \u00eatre apport\u00e9es. En outre, nous vous informerons activement dans la mesure du possible.<\/p><h2>6. Acc\u00e9der \u00e0 vos donn\u00e9es et les modifier<\/h2><p>Si vous avez des questions ou si vous souhaitez savoir quelles sont les donn\u00e9es personnelles que nous d\u00e9tenons \u00e0 votre sujet, veuillez nous contacter. Vous pouvez nous contacter en utilisant les informations ci-dessous. Vous disposez des droits suivants :<\/p><ul>\n                <li>Vous avez le droit de savoir pourquoi vos donn\u00e9es personnelles sont n\u00e9cessaires, ce qu'il en adviendra et combien de temps elles seront conserv\u00e9es.<\/li>\n                <li>Droit d'acc\u00e8s : vous avez le droit d'acc\u00e9der aux donn\u00e9es \u00e0 caract\u00e8re personnel vous concernant dont nous disposons.<\/li>\n                <li>Droit de rectification : vous avez le droit, \u00e0 tout moment, de compl\u00e9ter, de corriger, de supprimer ou de bloquer vos donn\u00e9es personnelles.<\/li>\n                <li>Si vous nous donnez votre consentement au traitement de vos donn\u00e9es, vous avez le droit de r\u00e9voquer ce consentement et de faire effacer vos donn\u00e9es personnelles.<\/li>\n                <li>Droit de transf\u00e9rer vos donn\u00e9es : vous avez le droit de demander au responsable du traitement de vous communiquer toutes vos donn\u00e9es \u00e0 caract\u00e8re personnel et de les transf\u00e9rer int\u00e9gralement \u00e0 un autre responsable du traitement.<\/li>\n                <li>Droit d'opposition : vous pouvez vous opposer au traitement de vos donn\u00e9es. Nous nous y conformerons, \u00e0 moins que certaines raisons ne justifient pas ce traitement.<\/li>\n            <\/ul><p>Veillez \u00e0 toujours indiquer clairement qui vous \u00eates, afin que nous puissions \u00eatre s\u00fbrs de ne pas modifier ou supprimer les donn\u00e9es de la mauvaise personne.<\/p><h2>7. D\u00e9poser une plainte<\/h2><p>Si vous n'\u00eates pas satisfait de la mani\u00e8re dont nous traitons (une plainte concernant) le traitement de vos donn\u00e9es personnelles, vous avez le droit de d\u00e9poser une plainte aupr\u00e8s de l'autorit\u00e9 charg\u00e9e de la protection des donn\u00e9es.<\/p><h2>8. Coordonn\u00e9es<\/h2><p>Urologique Holistique et Int\u00e9grative SA<br \/>\n        Av De Turbillon 36A<br \/>\n1950 SION (SION) - CH<br \/>\n        Suisse<br \/>\n        Site web : <a href=\"https:\/\/urolistic.com\/fr\">https:\/\/urolistic.com\/fr<\/a> <br \/>\n        E-mail : <span class=\"cmplz-obfuscate\">web&#046;&#117;&#114;&#111;li&#115;&#116;i&#099;@<span class=\"cmplz-fmail-domain\">ex.com<\/span>g&#109;a&#105;&#108;.&#099;&#111;&#109;<\/span> <br \/>\n        Num\u00e9ro de t\u00e9l\u00e9phone : +41 27 322 86 66<\/p><\/div>","protected":false},"excerpt":{"rendered":"","protected":false},"author":1,"featured_media":0,"parent":0,"menu_order":0,"comment_status":"closed","ping_status":"closed","template":"","meta":{"footnotes":""},"class_list":["post-1341","page","type-page","status-publish","hentry"],"yoast_head":"<!-- This site is optimized with the Yoast SEO Premium plugin v24.7 (Yoast SEO v26.7) - https:\/\/yoast.com\/wordpress\/plugins\/seo\/ -->\n<title>| Urolistic<\/title>\n<meta name=\"description\" content=\"Redescubre el bienestar con Urolistic, el proyecto de la Dra. Teresa Pastor, un concepto \u00fanico que combina medicina integrativa, nutrici\u00f3n, terapias naturales y estilo de vida saludable para abordar y prevenir problemas urinarios.\" \/>\n<meta name=\"robots\" content=\"index, follow, max-snippet:-1, max-image-preview:large, max-video-preview:-1\" \/>\n<link rel=\"canonical\" href=\"https:\/\/urolistic.com\/fr\/declaracion-de-privacidad-ue\/\" \/>\n<meta property=\"og:locale\" content=\"fr_FR\" \/>\n<meta property=\"og:type\" content=\"article\" \/>\n<meta property=\"og:title\" content=\"| Urolistic\" \/>\n<meta property=\"og:description\" content=\"Redescubre el bienestar con Urolistic, el proyecto de la Dra. Teresa Pastor, un concepto \u00fanico que combina medicina integrativa, nutrici\u00f3n, terapias naturales y estilo de vida saludable para abordar y prevenir problemas urinarios.\" \/>\n<meta property=\"og:url\" content=\"https:\/\/urolistic.com\/fr\/declaracion-de-privacidad-ue\/\" \/>\n<meta property=\"og:site_name\" content=\"Urolistic\" \/>\n<meta property=\"article:modified_time\" content=\"2025-04-17T12:26:00+00:00\" \/>\n<meta property=\"og:image\" content=\"https:\/\/urolistic.com\/wp-content\/uploads\/2025\/03\/urolistic-destacada.png\" \/>\n\t<meta property=\"og:image:width\" content=\"3402\" \/>\n\t<meta property=\"og:image:height\" content=\"1913\" \/>\n\t<meta property=\"og:image:type\" content=\"image\/png\" \/>\n<meta name=\"twitter:card\" content=\"summary_large_image\" \/>\n<meta name=\"twitter:label1\" content=\"Dur\u00e9e de lecture estim\u00e9e\" \/>\n\t<meta name=\"twitter:data1\" content=\"1 minute\" \/>\n<script type=\"application\/ld+json\" class=\"yoast-schema-graph\">{\"@context\":\"https:\/\/schema.org\",\"@graph\":[{\"@type\":\"WebPage\",\"@id\":\"https:\/\/urolistic.com\/declaracion-de-privacidad-ue\/\",\"url\":\"https:\/\/urolistic.com\/declaracion-de-privacidad-ue\/\",\"name\":\"| Urolistic\",\"isPartOf\":{\"@id\":\"http:\/\/urolistic.com\/es\/#website\"},\"datePublished\":\"2025-04-17T12:23:14+00:00\",\"dateModified\":\"2025-04-17T12:26:00+00:00\",\"description\":\"Redescubre el bienestar con Urolistic, el proyecto de la Dra. Teresa Pastor, un concepto \u00fanico que combina medicina integrativa, nutrici\u00f3n, terapias naturales y estilo de vida saludable para abordar y prevenir problemas urinarios.\",\"breadcrumb\":{\"@id\":\"https:\/\/urolistic.com\/declaracion-de-privacidad-ue\/#breadcrumb\"},\"inLanguage\":\"fr-FR\",\"potentialAction\":[{\"@type\":\"ReadAction\",\"target\":[\"https:\/\/urolistic.com\/declaracion-de-privacidad-ue\/\"]}]},{\"@type\":\"BreadcrumbList\",\"@id\":\"https:\/\/urolistic.com\/declaracion-de-privacidad-ue\/#breadcrumb\",\"itemListElement\":[{\"@type\":\"ListItem\",\"position\":1,\"name\":\"Portada\",\"item\":\"https:\/\/urolistic.com\/\"},{\"@type\":\"ListItem\",\"position\":2,\"name\":\"Declaraci\u00f3n de privacidad (UE)\"}]},{\"@type\":\"WebSite\",\"@id\":\"http:\/\/urolistic.com\/es\/#website\",\"url\":\"http:\/\/urolistic.com\/es\/\",\"name\":\"Urolistic\",\"description\":\"Urolog\u00eda integrativa\",\"publisher\":{\"@id\":\"http:\/\/urolistic.com\/es\/#organization\"},\"alternateName\":\"Urolistic\",\"potentialAction\":[{\"@type\":\"SearchAction\",\"target\":{\"@type\":\"EntryPoint\",\"urlTemplate\":\"http:\/\/urolistic.com\/es\/?s={search_term_string}\"},\"query-input\":{\"@type\":\"PropertyValueSpecification\",\"valueRequired\":true,\"valueName\":\"search_term_string\"}}],\"inLanguage\":\"fr-FR\"},{\"@type\":\"Organization\",\"@id\":\"http:\/\/urolistic.com\/es\/#organization\",\"name\":\"Urolistic\",\"alternateName\":\"Urolistic\",\"url\":\"http:\/\/urolistic.com\/es\/\",\"logo\":{\"@type\":\"ImageObject\",\"inLanguage\":\"fr-FR\",\"@id\":\"http:\/\/urolistic.com\/es\/#\/schema\/logo\/image\/\",\"url\":\"https:\/\/urolistic.com\/wp-content\/uploads\/2025\/01\/urolistic-logo.png\",\"contentUrl\":\"https:\/\/urolistic.com\/wp-content\/uploads\/2025\/01\/urolistic-logo.png\",\"width\":551,\"height\":125,\"caption\":\"Urolistic\"},\"image\":{\"@id\":\"http:\/\/urolistic.com\/es\/#\/schema\/logo\/image\/\"},\"sameAs\":[\"https:\/\/www.instagram.com\/urolistic\/\"],\"description\":\"Redescubre el bienestar con Urolistic, el proyecto de la Dra. Teresa Pastor, un concepto \u00fanico que combina medicina integrativa, nutrici\u00f3n, terapias naturales y estilo de vida saludable para abordar y prevenir problemas urinarios.\"}]}<\/script>\n<!-- \/ Yoast SEO Premium plugin. -->","yoast_head_json":{"title":"| Urolistic","description":"Red\u00e9couvrez le bien-\u00eatre avec Urolistic, le projet du Dr Teresa Pastor, un concept unique qui combine la m\u00e9decine int\u00e9grative, la nutrition, les th\u00e9rapies naturelles et un style de vie sain pour traiter et pr\u00e9venir les probl\u00e8mes urinaires.","robots":{"index":"index","follow":"follow","max-snippet":"max-snippet:-1","max-image-preview":"max-image-preview:large","max-video-preview":"max-video-preview:-1"},"canonical":"https:\/\/urolistic.com\/fr\/declaracion-de-privacidad-ue\/","og_locale":"fr_FR","og_type":"article","og_title":"| Urolistic","og_description":"Redescubre el bienestar con Urolistic, el proyecto de la Dra. Teresa Pastor, un concepto \u00fanico que combina medicina integrativa, nutrici\u00f3n, terapias naturales y estilo de vida saludable para abordar y prevenir problemas urinarios.","og_url":"https:\/\/urolistic.com\/fr\/declaracion-de-privacidad-ue\/","og_site_name":"Urolistic","article_modified_time":"2025-04-17T12:26:00+00:00","og_image":[{"width":3402,"height":1913,"url":"https:\/\/urolistic.com\/wp-content\/uploads\/2025\/03\/urolistic-destacada.png","type":"image\/png"}],"twitter_card":"summary_large_image","twitter_misc":{"Dur\u00e9e de lecture estim\u00e9e":"1 minute"},"schema":{"@context":"https:\/\/schema.org","@graph":[{"@type":"WebPage","@id":"https:\/\/urolistic.com\/declaracion-de-privacidad-ue\/","url":"https:\/\/urolistic.com\/declaracion-de-privacidad-ue\/","name":"| Urolistic","isPartOf":{"@id":"http:\/\/urolistic.com\/es\/#website"},"datePublished":"2025-04-17T12:23:14+00:00","dateModified":"2025-04-17T12:26:00+00:00","description":"Red\u00e9couvrez le bien-\u00eatre avec Urolistic, le projet du Dr Teresa Pastor, un concept unique qui combine la m\u00e9decine int\u00e9grative, la nutrition, les th\u00e9rapies naturelles et un style de vie sain pour traiter et pr\u00e9venir les probl\u00e8mes urinaires.","breadcrumb":{"@id":"https:\/\/urolistic.com\/declaracion-de-privacidad-ue\/#breadcrumb"},"inLanguage":"fr-FR","potentialAction":[{"@type":"ReadAction","target":["https:\/\/urolistic.com\/declaracion-de-privacidad-ue\/"]}]},{"@type":"BreadcrumbList","@id":"https:\/\/urolistic.com\/declaracion-de-privacidad-ue\/#breadcrumb","itemListElement":[{"@type":"ListItem","position":1,"name":"Portada","item":"https:\/\/urolistic.com\/"},{"@type":"ListItem","position":2,"name":"Declaraci\u00f3n de privacidad (UE)"}]},{"@type":"WebSite","@id":"http:\/\/urolistic.com\/es\/#website","url":"http:\/\/urolistic.com\/es\/","name":"Urolistique","description":"Urologie int\u00e9grative","publisher":{"@id":"http:\/\/urolistic.com\/es\/#organization"},"alternateName":"Urolistic","potentialAction":[{"@type":"SearchAction","target":{"@type":"EntryPoint","urlTemplate":"http:\/\/urolistic.com\/es\/?s={search_term_string}"},"query-input":{"@type":"PropertyValueSpecification","valueRequired":true,"valueName":"search_term_string"}}],"inLanguage":"fr-FR"},{"@type":"Organization","@id":"http:\/\/urolistic.com\/es\/#organization","name":"Urolistique","alternateName":"Urolistic","url":"http:\/\/urolistic.com\/es\/","logo":{"@type":"ImageObject","inLanguage":"fr-FR","@id":"http:\/\/urolistic.com\/es\/#\/schema\/logo\/image\/","url":"https:\/\/urolistic.com\/wp-content\/uploads\/2025\/01\/urolistic-logo.png","contentUrl":"https:\/\/urolistic.com\/wp-content\/uploads\/2025\/01\/urolistic-logo.png","width":551,"height":125,"caption":"Urolistic"},"image":{"@id":"http:\/\/urolistic.com\/es\/#\/schema\/logo\/image\/"},"sameAs":["https:\/\/www.instagram.com\/urolistic\/"],"description":"Red\u00e9couvrez le bien-\u00eatre avec Urolistic, le projet du Dr Teresa Pastor, un concept unique qui combine la m\u00e9decine int\u00e9grative, la nutrition, les th\u00e9rapies naturelles et un style de vie sain pour traiter et pr\u00e9venir les probl\u00e8mes urinaires."}]}},"_links":{"self":[{"href":"https:\/\/urolistic.com\/fr\/wp-json\/wp\/v2\/pages\/1341","targetHints":{"allow":["GET"]}}],"collection":[{"href":"https:\/\/urolistic.com\/fr\/wp-json\/wp\/v2\/pages"}],"about":[{"href":"https:\/\/urolistic.com\/fr\/wp-json\/wp\/v2\/types\/page"}],"author":[{"embeddable":true,"href":"https:\/\/urolistic.com\/fr\/wp-json\/wp\/v2\/users\/1"}],"replies":[{"embeddable":true,"href":"https:\/\/urolistic.com\/fr\/wp-json\/wp\/v2\/comments?post=1341"}],"version-history":[{"count":1,"href":"https:\/\/urolistic.com\/fr\/wp-json\/wp\/v2\/pages\/1341\/revisions"}],"predecessor-version":[{"id":1345,"href":"https:\/\/urolistic.com\/fr\/wp-json\/wp\/v2\/pages\/1341\/revisions\/1345"}],"wp:attachment":[{"href":"https:\/\/urolistic.com\/fr\/wp-json\/wp\/v2\/media?parent=1341"}],"curies":[{"name":"wp","href":"https:\/\/api.w.org\/{rel}","templated":true}]}}